{"id":104,"date":"2025-06-03T22:08:50","date_gmt":"2025-06-03T22:08:50","guid":{"rendered":"https:\/\/toujoursdanslespattes.fr\/?page_id=104"},"modified":"2025-06-06T09:01:15","modified_gmt":"2025-06-06T09:01:15","slug":"qui-sommes-nous","status":"publish","type":"page","link":"https:\/\/toujoursdanslespattes.fr\/?page_id=104","title":{"rendered":""},"content":{"rendered":"\n<h1 class=\"wp-block-heading alignfull has-text-align-center\">Les autrices<\/h1>\n\n\n\n<div class=\"wp-block-group alignfull is-style-section-2 has-global-padding is-layout-constrained wp-block-group-is-layout-constrained is-style-section-2--1\" style=\"margin-top:0;margin-bottom:0;padding-top:var(--wp--preset--spacing--60);padding-bottom:var(--wp--preset--spacing--60)\">\n<div class=\"wp-block-columns alignwide is-layout-flex wp-container-core-columns-is-layout-643ced6b wp-block-columns-is-layout-flex\">\n<div class=\"wp-block-column is-layout-flow wp-block-column-is-layout-flow\" style=\"flex-basis:40%\">\n<figure class=\"wp-block-image size-large\"><img loading=\"lazy\" decoding=\"async\" width=\"684\" height=\"1024\" src=\"https:\/\/toujoursdanslespattes.fr\/wp-content\/uploads\/2025\/06\/Prez_Ivana-684x1024.png\" alt=\"\" class=\"wp-image-137\" srcset=\"https:\/\/toujoursdanslespattes.fr\/wp-content\/uploads\/2025\/06\/Prez_Ivana-684x1024.png 684w, https:\/\/toujoursdanslespattes.fr\/wp-content\/uploads\/2025\/06\/Prez_Ivana-201x300.png 201w, https:\/\/toujoursdanslespattes.fr\/wp-content\/uploads\/2025\/06\/Prez_Ivana-768x1149.png 768w, https:\/\/toujoursdanslespattes.fr\/wp-content\/uploads\/2025\/06\/Prez_Ivana-1027x1536.png 1027w, https:\/\/toujoursdanslespattes.fr\/wp-content\/uploads\/2025\/06\/Prez_Ivana-1369x2048.png 1369w, https:\/\/toujoursdanslespattes.fr\/wp-content\/uploads\/2025\/06\/Prez_Ivana-scaled.png 1711w\" sizes=\"auto, (max-width: 684px) 100vw, 684px\" \/><\/figure>\n<\/div>\n\n\n\n<div class=\"wp-block-column is-vertically-aligned-center is-layout-flow wp-block-column-is-layout-flow\">\n<h2 class=\"wp-block-heading\"><strong>Ivana <\/strong><\/h2>\n\n\n\n<blockquote class=\"wp-block-quote is-layout-flow wp-block-quote-is-layout-flow\">\n<p class=\"has-medium-font-size\"><em>Salut ! Moi, c\u2019est Ivana,<\/em><strong><em> <\/em><\/strong><em>infirmi\u00e8re v\u00e9t\u00e9rinaire depuis trois ans et demi. Maman de deux enfants, mari\u00e9e \u00e0 un homme g\u00e9nial, et fi\u00e8re d\u2019avoir r\u00e9ussi \u00e0 devenir ce que je voulais, m\u00eame apr\u00e8s une s\u00e9rie de petits boulots o\u00f9 je m&rsquo;\u00e9vertuais \u00e0 trouver ma voie. Mais tout a chang\u00e9 quand j&rsquo;ai rencontr\u00e9 Lucie, mon amie et partenaire d&rsquo;\u00e9criture, qui m&rsquo;a non seulement donn\u00e9 ma chance en clinique, mais aussi permis de r\u00e9aliser mon r\u00eave : devenir ASV (infirmi\u00e8re v\u00e9t\u00e9rinaire) !<\/em><\/p>\n<\/blockquote>\n\n\n\n<blockquote class=\"wp-block-quote is-layout-flow wp-block-quote-is-layout-flow\">\n<p><em>Mais tout a chang\u00e9 quand j&rsquo;ai rencontr\u00e9 Lucie, mon amie et partenaire d&rsquo;\u00e9criture, qui m&rsquo;a non seulement donn\u00e9 ma chance en clinique, mais aussi permis de r\u00e9aliser mon r\u00eave : devenir ASV (infirmi\u00e8re v\u00e9t\u00e9rinaire) !<\/em><em><\/em><\/p>\n<\/blockquote>\n\n\n\n<blockquote class=\"wp-block-quote is-layout-flow wp-block-quote-is-layout-flow\">\n<p class=\"has-medium-font-size\"><em>Pas toujours facile, surtout avec ma tendance \u00e0 \u00eatre la reine des gaffes, mais bon, c\u2019est aussi \u00e7a qui fait mon charme. Bref, je suis d\u00e9termin\u00e9e, parfois maladroite, mais toujours avec le sourire!<\/em><\/p>\n<\/blockquote>\n<\/div>\n<\/div>\n<\/div>\n\n\n\n<div class=\"wp-block-group alignfull is-style-section-5 has-global-padding is-layout-constrained wp-block-group-is-layout-constrained is-style-section-5--2\" style=\"margin-top:0;margin-bottom:0;padding-top:var(--wp--preset--spacing--50);padding-bottom:var(--wp--preset--spacing--50)\">\n<div class=\"wp-block-columns alignwide is-layout-flex wp-container-core-columns-is-layout-7ee84d44 wp-block-columns-is-layout-flex\">\n<div class=\"wp-block-column is-vertically-aligned-center is-layout-flow wp-block-column-is-layout-flow\" style=\"flex-basis:50%\">\n<h2 class=\"wp-block-heading\"><strong>Lucie <\/strong><\/h2>\n\n\n\n<blockquote class=\"wp-block-quote is-layout-flow wp-block-quote-is-layout-flow\">\n<p class=\"has-medium-font-size\"><em><strong>Et<\/strong><\/em><strong><em> moi c\u2019est Lucie !<\/em><\/strong> <em>Infirmi\u00e8re v\u00e9t\u00e9rinaire depuis plus de 8 ans et maman de deux enfants, je suis une experte en jonglage (entre les animaux, les enfants et le travail). Mon parcours n\u2019a pas toujours \u00e9t\u00e9 droit, mais j\u2019ai pers\u00e9v\u00e9r\u00e9 et je suis maintenant \u00e9panouie dans ce m\u00e9tier qui me permet de combiner ma passion pour les animaux et mon d\u00e9sir d\u2019aider les autres. <\/em><\/p>\n<\/blockquote>\n\n\n\n<blockquote class=\"wp-block-quote is-layout-flow wp-block-quote-is-layout-flow\">\n<p class=\"has-medium-font-size\"><em>Quand je ne suis pas en train de soigner des petites boules de poils, je lis ou je voyage, histoire de m&rsquo;\u00e9vader un peu. Et c\u2019est gr\u00e2ce \u00e0 ma rencontre avec Ivana, entre rires et complicit\u00e9, que l\u2019id\u00e9e de ce livre est n\u00e9e !<\/em><\/p>\n<\/blockquote>\n<\/div>\n\n\n\n<div class=\"wp-block-column is-vertically-aligned-bottom is-layout-flow wp-block-column-is-layout-flow\" style=\"flex-basis:50%\">\n<figure class=\"wp-block-image aligncenter size-full\"><img loading=\"lazy\" decoding=\"async\" width=\"1711\" height=\"2560\" src=\"https:\/\/toujoursdanslespattes.fr\/wp-content\/uploads\/2025\/06\/8-scaled.png\" alt=\"\" class=\"wp-image-138\" style=\"aspect-ratio:1;object-fit:cover\" srcset=\"https:\/\/toujoursdanslespattes.fr\/wp-content\/uploads\/2025\/06\/8-scaled.png 1711w, https:\/\/toujoursdanslespattes.fr\/wp-content\/uploads\/2025\/06\/8-201x300.png 201w, https:\/\/toujoursdanslespattes.fr\/wp-content\/uploads\/2025\/06\/8-684x1024.png 684w, https:\/\/toujoursdanslespattes.fr\/wp-content\/uploads\/2025\/06\/8-768x1149.png 768w, https:\/\/toujoursdanslespattes.fr\/wp-content\/uploads\/2025\/06\/8-1027x1536.png 1027w, https:\/\/toujoursdanslespattes.fr\/wp-content\/uploads\/2025\/06\/8-1369x2048.png 1369w\" sizes=\"auto, (max-width: 1711px) 100vw, 1711px\" \/><\/figure>\n<\/div>\n<\/div>\n<\/div>\n","protected":false},"excerpt":{"rendered":"<p>Les autrices Ivana Salut ! Moi, c\u2019est Ivana, infirmi\u00e8re v\u00e9t\u00e9rinaire depuis trois ans et demi. Maman de deux enfants, mari\u00e9e \u00e0 un homme g\u00e9nial, et fi\u00e8re d\u2019avoir r\u00e9ussi \u00e0 devenir ce que je voulais, m\u00eame apr\u00e8s une s\u00e9rie de petits boulots o\u00f9 je m&rsquo;\u00e9vertuais \u00e0 trouver ma voie. Mais tout a chang\u00e9 quand j&rsquo;ai rencontr\u00e9 [&hellip;]<\/p>\n","protected":false},"author":1,"featured_media":0,"parent":0,"menu_order":0,"comment_status":"closed","ping_status":"closed","template":"","meta":{"footnotes":""},"class_list":["post-104","page","type-page","status-publish","hentry"],"_links":{"self":[{"href":"https:\/\/toujoursdanslespattes.fr\/index.php?rest_route=\/wp\/v2\/pages\/104","targetHints":{"allow":["GET"]}}],"collection":[{"href":"https:\/\/toujoursdanslespattes.fr\/index.php?rest_route=\/wp\/v2\/pages"}],"about":[{"href":"https:\/\/toujoursdanslespattes.fr\/index.php?rest_route=\/wp\/v2\/types\/page"}],"author":[{"embeddable":true,"href":"https:\/\/toujoursdanslespattes.fr\/index.php?rest_route=\/wp\/v2\/users\/1"}],"replies":[{"embeddable":true,"href":"https:\/\/toujoursdanslespattes.fr\/index.php?rest_route=%2Fwp%2Fv2%2Fcomments&post=104"}],"version-history":[{"count":7,"href":"https:\/\/toujoursdanslespattes.fr\/index.php?rest_route=\/wp\/v2\/pages\/104\/revisions"}],"predecessor-version":[{"id":403,"href":"https:\/\/toujoursdanslespattes.fr\/index.php?rest_route=\/wp\/v2\/pages\/104\/revisions\/403"}],"wp:attachment":[{"href":"https:\/\/toujoursdanslespattes.fr\/index.php?rest_route=%2Fwp%2Fv2%2Fmedia&parent=104"}],"curies":[{"name":"wp","href":"https:\/\/api.w.org\/{rel}","templated":true}]}}