{"id":145,"date":"2025-06-04T07:52:23","date_gmt":"2025-06-04T07:52:23","guid":{"rendered":"https:\/\/toujoursdanslespattes.fr\/?page_id=145"},"modified":"2025-06-06T09:11:55","modified_gmt":"2025-06-06T09:11:55","slug":"a-propos-du-livre","status":"publish","type":"page","link":"https:\/\/toujoursdanslespattes.fr\/?page_id=145","title":{"rendered":""},"content":{"rendered":"\n<h1 class=\"wp-block-heading has-text-align-center\">A propos du livre<\/h1>\n\n\n\n<div class=\"wp-block-group alignfull is-style-section-5 has-global-padding is-layout-constrained wp-block-group-is-layout-constrained is-style-section-5--1\" style=\"margin-top:0;margin-bottom:0;padding-top:var(--wp--preset--spacing--50);padding-bottom:var(--wp--preset--spacing--50)\">\n<div class=\"wp-block-columns alignwide is-layout-flex wp-container-core-columns-is-layout-7ee84d44 wp-block-columns-is-layout-flex\">\n<div class=\"wp-block-column is-vertically-aligned-center is-layout-flow wp-block-column-is-layout-flow\" style=\"flex-basis:50%\">\n<h2 class=\"wp-block-heading\"><\/h2>\n\n\n\n<p class=\"has-medium-font-size\">Entre poils, bave, biberons et jouets en tout genre :un quotidien haut en couleur.<\/p>\n\n\n\n<p class=\"has-medium-font-size\">Plongez dans les coulisses de notre m\u00e9tier aussi passionnant que d\u00e9routant : celui des infirmi\u00e8res v\u00e9t\u00e9rinaires !<\/p>\n\n\n\n<p class=\"has-text-align-left has-medium-font-size\">Au milieu d\u2019\u00e9clats de rire, d\u2019instants d\u2019\u00e9motion et de p\u00e9rip\u00e9ties, d\u00e9couvrez des situations rocambolesques, des patients \u00e0 quatre pattes attachants et les d\u00e9fis de la parentalit\u00e9. Ces anecdotes t\u00e9moignent d\u2019une vie o\u00f9 chaque jour est une nouvelle aventure.<\/p>\n\n\n\n<p class=\"has-medium-font-size\">Racont\u00e9es avec une dose d\u2019ironie, une pinc\u00e9e de tendresse et une grande part d\u2019humanit\u00e9, ces histoires farfelues d\u00e9voilent l\u2019amour que nous portons \u00e0 notre m\u00e9tier et la r\u00e9silience qui nous anime.<\/p>\n\n\n\n<p class=\"has-medium-font-size\">Ce recueil d\u2019anecdotes, racont\u00e9 avec humour et authenticit\u00e9, vous plonge dans le quotidien mouvement\u00e9 de deux infirmi\u00e8res v\u00e9t\u00e9rinaires, \u00e9galement mamans parfois au bout du rouleau ! Il faut bien l\u2019avouer : nous nous sommes d\u00e9j\u00e0 surprises \u00e0 dire \u00ab\u00a0assis\u00a0\u00bb \u00e0 nos enfants et \u00e0 essayer de mettre un bavoir \u00e0 nos chiens.<\/p>\n\n\n\n<p class=\"has-medium-font-size\"><strong>Un livre pour TOUS ceux qui aiment les animaux, qui savourent<\/strong> <strong>les belles histoires ou qui cherchent simplement une bonne dose de rire et de l\u00e9g\u00e8ret\u00e9. Attention : humour garanti, parfois d\u00e9licieusement teint\u00e9 de noir !<\/strong><\/p>\n<\/div>\n\n\n\n<div class=\"wp-block-column is-vertically-aligned-bottom is-layout-flow wp-block-column-is-layout-flow\" style=\"flex-basis:50%\">\n<figure class=\"wp-block-image size-full\"><img loading=\"lazy\" decoding=\"async\" width=\"1810\" height=\"2560\" src=\"https:\/\/toujoursdanslespattes.fr\/wp-content\/uploads\/2025\/06\/mum13-scaled.png\" alt=\"\" class=\"wp-image-149\" style=\"aspect-ratio:1;object-fit:contain\" srcset=\"https:\/\/toujoursdanslespattes.fr\/wp-content\/uploads\/2025\/06\/mum13-scaled.png 1810w, https:\/\/toujoursdanslespattes.fr\/wp-content\/uploads\/2025\/06\/mum13-212x300.png 212w, https:\/\/toujoursdanslespattes.fr\/wp-content\/uploads\/2025\/06\/mum13-724x1024.png 724w, https:\/\/toujoursdanslespattes.fr\/wp-content\/uploads\/2025\/06\/mum13-768x1086.png 768w, https:\/\/toujoursdanslespattes.fr\/wp-content\/uploads\/2025\/06\/mum13-1086x1536.png 1086w, https:\/\/toujoursdanslespattes.fr\/wp-content\/uploads\/2025\/06\/mum13-1448x2048.png 1448w\" sizes=\"auto, (max-width: 1810px) 100vw, 1810px\" \/><\/figure>\n<\/div>\n<\/div>\n<\/div>\n\n\n\n<div class=\"wp-block-group alignfull has-global-padding is-layout-constrained wp-block-group-is-layout-constrained\" style=\"margin-top:0;margin-bottom:0\">\n<div class=\"wp-block-group alignwide is-layout-grid wp-container-core-group-is-layout-5fdb10e5 wp-block-group-is-layout-grid\" style=\"padding-top:var(--wp--preset--spacing--50);padding-bottom:var(--wp--preset--spacing--50)\">\n<figure class=\"wp-block-image size-large wp-container-content-5fd69529\"><img loading=\"lazy\" decoding=\"async\" width=\"724\" height=\"1024\" src=\"https:\/\/toujoursdanslespattes.fr\/wp-content\/uploads\/2025\/06\/mum_2-1-724x1024.png\" alt=\"\" class=\"wp-image-152\" srcset=\"https:\/\/toujoursdanslespattes.fr\/wp-content\/uploads\/2025\/06\/mum_2-1-724x1024.png 724w, https:\/\/toujoursdanslespattes.fr\/wp-content\/uploads\/2025\/06\/mum_2-1-212x300.png 212w, https:\/\/toujoursdanslespattes.fr\/wp-content\/uploads\/2025\/06\/mum_2-1-768x1086.png 768w, https:\/\/toujoursdanslespattes.fr\/wp-content\/uploads\/2025\/06\/mum_2-1-1086x1536.png 1086w, https:\/\/toujoursdanslespattes.fr\/wp-content\/uploads\/2025\/06\/mum_2-1-1448x2048.png 1448w, https:\/\/toujoursdanslespattes.fr\/wp-content\/uploads\/2025\/06\/mum_2-1-scaled.png 1810w\" sizes=\"auto, (max-width: 724px) 100vw, 724px\" \/><\/figure>\n\n\n\n<div class=\"wp-block-group wp-container-content-5fd69529 is-vertical is-content-justification-stretch is-nowrap is-layout-flex wp-container-core-group-is-layout-627337ab wp-block-group-is-layout-flex\">\n<div class=\"wp-block-group is-vertical is-content-justification-left is-layout-flex wp-container-core-group-is-layout-dd225191 wp-block-group-is-layout-flex\">\n<p class=\"wp-block-heading\"><\/p>\n\n\n\n<h2 class=\"wp-block-heading\">Comment nous est venue l&rsquo;id\u00e9e d&rsquo;\u00e9crire ce recueil d&rsquo;anecdotes ?<\/h2>\n<\/div>\n\n\n\n<p><\/p>\n\n\n\n<div class=\"wp-block-group is-vertical is-content-justification-left is-layout-flex wp-container-core-group-is-layout-dd225191 wp-block-group-is-layout-flex\">\n<p class=\"has-medium-font-size\">Tout a commenc\u00e9 un soir, apr\u00e8s une longue journ\u00e9e o\u00f9 nous avions jongl\u00e9 entre une consultation pour l\u2019euthanasie d\u2019un chien au regard triste et nos b\u00e9b\u00e9s qui refusaient de manger\u2026<\/p>\n\n\n\n<p><\/p>\n\n\n\n<p class=\"has-medium-font-size\">Tout un programme, non ? Apr\u00e8s avoir surv\u00e9cu \u00e0 cette montagne russe \u00e9motionnelle, nous nous sommes retrouv\u00e9es, \u00e9puis\u00e9es mais souriantes (enfin, surtout les sourcils lev\u00e9s et un verre de vin dans les mains), \u00e0 \u00e9changer sur les situations incroyables \u2013 et parfois carr\u00e9ment farfelues \u2013 que l\u2019on vit au quotidien.<\/p>\n\n\n\n<p><\/p>\n\n\n\n<p class=\"has-medium-font-size\">C\u2019est l\u00e0 qu\u2019on s\u2019est dit : \u00ab\u00a0Mais pourquoi ne pas en faire un livre ?\u00a0\u00bb Un livre o\u00f9 l\u2019on pourrait partager ces anecdotes totalement absurdes, mais qui nous font sourire quand elles arrivent.<\/p>\n<\/div>\n<\/div>\n\n\n\n<div class=\"wp-block-group wp-container-content-44f22ba6 has-global-padding is-layout-constrained wp-block-group-is-layout-constrained\">\n<p class=\"has-medium-font-size\">L\u2019id\u00e9e a fait son chemin, et voil\u00e0 comment <em>\u00ab\u00a0Toujours dans les pattes\u00a0\u00bb<\/em> est n\u00e9 : un recueil d\u2019histoires de v\u00e9t\u00e9rinaires, de mamans et de femmes d\u00e9bord\u00e9es, mais qui savent toujours trouver l&rsquo;humour, m\u00eame quand le chien a mang\u00e9 le canap\u00e9 et que les enfants pensent que les l\u00e9gumes sont un complot.                                                                     Bref, ce livre est une fa\u00e7on de d\u00e9compresser, de rire ensemble et de se dire que parfois, l&rsquo;humour est la meilleure fa\u00e7on de survivre aux journ\u00e9es un peu trop remplies (et aux poils de chien sur le canap\u00e9).<\/p>\n\n\n\n<p><\/p>\n\n\n\n<p><\/p>\n\n\n\n<p class=\"has-medium-font-size\">Bref, ce livre est une fa\u00e7on de d\u00e9compresser, de rire ensemble et de se dire que parfois, l&rsquo;humour est la meilleure fa\u00e7on de survivre aux journ\u00e9es un peu trop remplies (et aux poils de chien sur le canap\u00e9).<\/p>\n<\/div>\n\n\n\n<figure class=\"wp-block-image size-full wp-container-content-5fd69529\"><img loading=\"lazy\" decoding=\"async\" width=\"1810\" height=\"2560\" src=\"https:\/\/toujoursdanslespattes.fr\/wp-content\/uploads\/2025\/06\/Prez_2-1-scaled.png\" alt=\"\" class=\"wp-image-153\" style=\"aspect-ratio:3\/4;object-fit:cover\" srcset=\"https:\/\/toujoursdanslespattes.fr\/wp-content\/uploads\/2025\/06\/Prez_2-1-scaled.png 1810w, https:\/\/toujoursdanslespattes.fr\/wp-content\/uploads\/2025\/06\/Prez_2-1-212x300.png 212w, https:\/\/toujoursdanslespattes.fr\/wp-content\/uploads\/2025\/06\/Prez_2-1-724x1024.png 724w, https:\/\/toujoursdanslespattes.fr\/wp-content\/uploads\/2025\/06\/Prez_2-1-768x1086.png 768w, https:\/\/toujoursdanslespattes.fr\/wp-content\/uploads\/2025\/06\/Prez_2-1-1086x1536.png 1086w, https:\/\/toujoursdanslespattes.fr\/wp-content\/uploads\/2025\/06\/Prez_2-1-1448x2048.png 1448w\" sizes=\"auto, (max-width: 1810px) 100vw, 1810px\" \/><\/figure>\n<\/div>\n<\/div>\n\n\n\n<div class=\"wp-block-group alignfull has-global-padding is-layout-constrained wp-container-core-group-is-layout-08655630 wp-block-group-is-layout-constrained\" style=\"margin-top:0;margin-bottom:0;padding-top:var(--wp--preset--spacing--80);padding-bottom:var(--wp--preset--spacing--80)\">\n<div class=\"wp-block-group alignwide is-layout-flow wp-block-group-is-layout-flow\">\n<p class=\"has-text-align-center is-style-text-display is-style-text-display--2\" style=\"font-style:normal;font-weight:400\">Vous avez des questions&nbsp;? <br><a href=\"#\" rel=\"nofollow\">N\u2019h\u00e9sitez pas \u00e0 nous contacter.<\/a><\/p>\n\n\n\n<div style=\"height:var(--wp--preset--spacing--40)\" aria-hidden=\"true\" class=\"wp-block-spacer\"><\/div>\n\n\n\n<ul class=\"wp-block-social-links has-huge-icon-size has-icon-color is-style-logos-only is-content-justification-center is-layout-flex wp-container-core-social-links-is-layout-a89b3969 wp-block-social-links-is-layout-flex is-style-logos-only--3\"><li class=\"wp-social-link wp-social-link-facebook has-contrast-color wp-block-social-link\"><a href=\"https:\/\/www.facebook.com\/profile.php?id=61571045991731\" class=\"wp-block-social-link-anchor\"><svg width=\"24\" height=\"24\" viewBox=\"0 0 24 24\" version=\"1.1\" xmlns=\"http:\/\/www.w3.org\/2000\/svg\" aria-hidden=\"true\" focusable=\"false\"><path d=\"M12 2C6.5 2 2 6.5 2 12c0 5 3.7 9.1 8.4 9.9v-7H7.9V12h2.5V9.8c0-2.5 1.5-3.9 3.8-3.9 1.1 0 2.2.2 2.2.2v2.5h-1.3c-1.2 0-1.6.8-1.6 1.6V12h2.8l-.4 2.9h-2.3v7C18.3 21.1 22 17 22 12c0-5.5-4.5-10-10-10z\"><\/path><\/svg><span class=\"wp-block-social-link-label screen-reader-text\">Facebook<\/span><\/a><\/li>\n\n<li class=\"wp-social-link wp-social-link-instagram has-contrast-color wp-block-social-link\"><a href=\"https:\/\/www.instagram.com\/toujours_dans_les_pattes\/\" class=\"wp-block-social-link-anchor\"><svg width=\"24\" height=\"24\" viewBox=\"0 0 24 24\" version=\"1.1\" xmlns=\"http:\/\/www.w3.org\/2000\/svg\" aria-hidden=\"true\" focusable=\"false\"><path d=\"M12,4.622c2.403,0,2.688,0.009,3.637,0.052c0.877,0.04,1.354,0.187,1.671,0.31c0.42,0.163,0.72,0.358,1.035,0.673 c0.315,0.315,0.51,0.615,0.673,1.035c0.123,0.317,0.27,0.794,0.31,1.671c0.043,0.949,0.052,1.234,0.052,3.637 s-0.009,2.688-0.052,3.637c-0.04,0.877-0.187,1.354-0.31,1.671c-0.163,0.42-0.358,0.72-0.673,1.035 c-0.315,0.315-0.615,0.51-1.035,0.673c-0.317,0.123-0.794,0.27-1.671,0.31c-0.949,0.043-1.233,0.052-3.637,0.052 s-2.688-0.009-3.637-0.052c-0.877-0.04-1.354-0.187-1.671-0.31c-0.42-0.163-0.72-0.358-1.035-0.673 c-0.315-0.315-0.51-0.615-0.673-1.035c-0.123-0.317-0.27-0.794-0.31-1.671C4.631,14.688,4.622,14.403,4.622,12 s0.009-2.688,0.052-3.637c0.04-0.877,0.187-1.354,0.31-1.671c0.163-0.42,0.358-0.72,0.673-1.035 c0.315-0.315,0.615-0.51,1.035-0.673c0.317-0.123,0.794-0.27,1.671-0.31C9.312,4.631,9.597,4.622,12,4.622 M12,3 C9.556,3,9.249,3.01,8.289,3.054C7.331,3.098,6.677,3.25,6.105,3.472C5.513,3.702,5.011,4.01,4.511,4.511 c-0.5,0.5-0.808,1.002-1.038,1.594C3.25,6.677,3.098,7.331,3.054,8.289C3.01,9.249,3,9.556,3,12c0,2.444,0.01,2.751,0.054,3.711 c0.044,0.958,0.196,1.612,0.418,2.185c0.23,0.592,0.538,1.094,1.038,1.594c0.5,0.5,1.002,0.808,1.594,1.038 c0.572,0.222,1.227,0.375,2.185,0.418C9.249,20.99,9.556,21,12,21s2.751-0.01,3.711-0.054c0.958-0.044,1.612-0.196,2.185-0.418 c0.592-0.23,1.094-0.538,1.594-1.038c0.5-0.5,0.808-1.002,1.038-1.594c0.222-0.572,0.375-1.227,0.418-2.185 C20.99,14.751,21,14.444,21,12s-0.01-2.751-0.054-3.711c-0.044-0.958-0.196-1.612-0.418-2.185c-0.23-0.592-0.538-1.094-1.038-1.594 c-0.5-0.5-1.002-0.808-1.594-1.038c-0.572-0.222-1.227-0.375-2.185-0.418C14.751,3.01,14.444,3,12,3L12,3z M12,7.378 c-2.552,0-4.622,2.069-4.622,4.622S9.448,16.622,12,16.622s4.622-2.069,4.622-4.622S14.552,7.378,12,7.378z M12,15 c-1.657,0-3-1.343-3-3s1.343-3,3-3s3,1.343,3,3S13.657,15,12,15z M16.804,6.116c-0.596,0-1.08,0.484-1.08,1.08 s0.484,1.08,1.08,1.08c0.596,0,1.08-0.484,1.08-1.08S17.401,6.116,16.804,6.116z\"><\/path><\/svg><span class=\"wp-block-social-link-label screen-reader-text\">Instagram<\/span><\/a><\/li><\/ul>\n<\/div>\n<\/div>\n\n\n\n<p><\/p>\n","protected":false},"excerpt":{"rendered":"<p>A propos du livre Entre poils, bave, biberons et jouets en tout genre :un quotidien haut en couleur. Plongez dans les coulisses de notre m\u00e9tier aussi passionnant que d\u00e9routant : celui des infirmi\u00e8res v\u00e9t\u00e9rinaires ! Au milieu d\u2019\u00e9clats de rire, d\u2019instants d\u2019\u00e9motion et de p\u00e9rip\u00e9ties, d\u00e9couvrez des situations rocambolesques, des patients \u00e0 quatre pattes attachants [&hellip;]<\/p>\n","protected":false},"author":1,"featured_media":0,"parent":0,"menu_order":0,"comment_status":"closed","ping_status":"closed","template":"","meta":{"footnotes":""},"class_list":["post-145","page","type-page","status-publish","hentry"],"_links":{"self":[{"href":"https:\/\/toujoursdanslespattes.fr\/index.php?rest_route=\/wp\/v2\/pages\/145","targetHints":{"allow":["GET"]}}],"collection":[{"href":"https:\/\/toujoursdanslespattes.fr\/index.php?rest_route=\/wp\/v2\/pages"}],"about":[{"href":"https:\/\/toujoursdanslespattes.fr\/index.php?rest_route=\/wp\/v2\/types\/page"}],"author":[{"embeddable":true,"href":"https:\/\/toujoursdanslespattes.fr\/index.php?rest_route=\/wp\/v2\/users\/1"}],"replies":[{"embeddable":true,"href":"https:\/\/toujoursdanslespattes.fr\/index.php?rest_route=%2Fwp%2Fv2%2Fcomments&post=145"}],"version-history":[{"count":22,"href":"https:\/\/toujoursdanslespattes.fr\/index.php?rest_route=\/wp\/v2\/pages\/145\/revisions"}],"predecessor-version":[{"id":410,"href":"https:\/\/toujoursdanslespattes.fr\/index.php?rest_route=\/wp\/v2\/pages\/145\/revisions\/410"}],"wp:attachment":[{"href":"https:\/\/toujoursdanslespattes.fr\/index.php?rest_route=%2Fwp%2Fv2%2Fmedia&parent=145"}],"curies":[{"name":"wp","href":"https:\/\/api.w.org\/{rel}","templated":true}]}}